{"id":140,"date":"2021-12-28T17:20:48","date_gmt":"2021-12-28T17:20:48","guid":{"rendered":"https:\/\/www.circumeuropa.com\/?page_id=140"},"modified":"2026-04-13T16:39:27","modified_gmt":"2026-04-13T16:39:27","slug":"sponsor","status":"publish","type":"page","link":"https:\/\/www.circumeuropa.com\/en\/sponsor\/","title":{"rendered":"Sponsor"},"content":{"rendered":"<div class=\"et_pb_section_0 et_pb_section et_section_regular et_block_section\"><div class=\"et_pb_row_0 et_pb_row et_block_row\"><div class=\"et_pb_column_0 et_pb_column et_pb_column_4_4 et-last-child et_block_column et_pb_css_mix_blend_mode_passthrough\"><div class=\"et_pb_text_0 et_pb_text et_pb_bg_layout_light et_pb_module et_block_module\"><div class=\"et_pb_text_inner\"><h2><span style=\"font-size: large;\"><strong>Completeaz\u0103 formularul de mai jos daca dore\u0219ti sa sponsorizezi proiectul <span style=\"color: #e02b20;\">\u00a0CIRCUMEUROPA<\/span>!<br \/><\/strong><\/span><\/h2>\n<h2><span style=\"font-size: large;\">Potrivit Codului Fiscal, pute\u021bi sponsoriza Asocia\u021bia Wild Watch conform Legii nr. 32\/1994, cu modific\u0103rile \u0219i complet\u0103rile ulterioare, at\u00e2t \u00een situa\u021bia \u00een care reprezenta\u021bi o <strong>societate comercial\u0103 care pl\u0103te\u0219te impozit pe profit<\/strong>, c\u00e2t \u0219i \u00een situa\u021bia \u00een care reprezenta\u021bi o <b><\/b><\/span><span style=\"font-size: large;\"><strong>companie pl\u0103titoare de impozit pe venit <\/strong><\/span><span style=\"font-size: large;\">dac\u0103 o face\u021bi <b>p\u00e2n\u0103 la 31 decembrie 2023, \u00een baza unui contract de sponsorizare<\/b><a href=\"https:\/\/www.salvaticopiii.ro\/getattachment\/Implica-te\/Companii\/Directioneaza-20-din-impozitul-pe-profit\/Contract-de-sponsorizare-2021-(1).pdf.aspx?lang=ro-RO\">,<\/a> astfel:<\/span><\/h2>\n<h2><span style=\"font-size: large;\"><b>*<\/b><b> <\/b>Dac\u0103 sunte\u021bi <b>societate comercial\u0103 <\/b>care pl\u0103te\u0219te impozit pe profit, c<span>heltuielile cu sponsorizarea se scad din impozitul pe profit, \u00een limita a 20% din acesta, dar nu mai mult de 7,5\u2030 (la mie) din cifra de afaceri. Diferen\u021ba de 80% din impozitul datorat se va vira c\u0103tre bugetul de stat, la termenele prev\u0103zute de codul fiscal. Sponsoriz\u0103rile se pot deduce trimestrial (de exemplu, sponsoriz\u0103rile pl\u0103tite p\u00e2n\u0103 la 30 martie pot fi deduse, \u00een limitele precizate mai sus, din impozitul de plat\u0103 la 25 aprilie) sau anual (sponsoriz\u0103rile efectuate \u00een cursul unui an fiscal vor fi deduse, \u00een limitele legale, din impozitul de plat\u0103 la 25 martie al anului urm\u0103tor).<\/span><\/span><br \/><span style=\"font-size: large;\"><b>* <\/b>Dac\u0103 sunte\u021bi <strong>companie pl\u0103titoare de impozit pe venit:<\/strong> s<span>ociet\u0103\u021bile comerciale pl\u0103titoare de impozit pe venit care efectueaz\u0103 sponsoriz\u0103ri, potrivit prevederilor Legii nr. 32\/1994, cu modific\u0103rile \u0219i complet\u0103rile ulterioare, pentru sus\u021binerea entit\u0103\u021bilor nonprofit \u0219i a unit\u0103\u021bilor de cult, care la data \u00eencheierii contractului sunt \u00eenscrise \u00een Registrul Entit\u0103\u021bilor\/Unit\u0103\u021bilor de Cult pentru care se acord\u0103 deduceri fiscale potrivit art. 25 alin. (4^1), scad sumele aferente din impozitul pe venituri p\u00e2n\u0103 la nivelul valorii reprezent\u00e2nd 20% din impozitul pe venit datorat pentru trimestrul \u00een care au \u00eenregistrat cheltuielile respective. Diferen\u021ba de 80% din impozitul datorat se va vira c\u0103tre bugetul de stat, la termenele prev\u0103zute de codul fiscal. Pentru impozitul pe venit, sponsoriz\u0103rile se pot deduce doar trimestrial (de exemplu, sponsoriz\u0103rile efectuate p\u00e2n\u0103 la 30 martie pot fi deduse, \u00een limitele precizate mai sus, din impozitul de plat\u0103 la 25 aprilie). Pentru aceste companii sponsoriz\u0103rile nu se pot face \u0219i anual pentru toate trimestrele anterioare.<\/span><\/span><\/h2>\n<h2><span style=\"color: #e02b20; font-size: large;\"><strong>Nou!<\/strong><\/span><\/h2>\n<h2><span style=\"font-family: inherit; font-weight: normal; font-size: large;\">Autorit\u0103\u021bile rom\u00e2ne au implementat recent o nou\u0103 facilitate pentru companiile care doresc s\u0103 foloseasc\u0103 20% din impozit pentru sponsoriz\u0103ri. Folosind <strong><span style=\"color: #e02b20;\"><a href=\"https:\/\/static.anaf.ro\/static\/10\/Anaf\/Declaratii_R\/177.html\" style=\"color: #e02b20;\">Formularul 177<\/a><\/span><\/strong>, aceast\u0103 dona\u021bie se poate face retroactiv, pentru impozitul pl\u0103tit anul trecut.<\/span><\/h2>\n<p>&nbsp;<\/p>\n<h2><span style=\"font-size: large;\"><\/span><\/h2>\n<h3><strong>Formulare:<\/strong><br \/><strong><span style=\"color: #e02b20;\"><br \/><a href=\"https:\/\/static.anaf.ro\/static\/10\/Anaf\/Declaratii_R\/107.html\">Formularul 107 - <\/a><\/span>Declara\u021bie informativ\u0103 privind beneficiarii de sponsoriz\u0103ri\/burse private<\/strong><\/h3>\n<h3><strong><span style=\"color: #e02b20;\"><a href=\"https:\/\/static.anaf.ro\/static\/10\/Anaf\/Declaratii_R\/177.html\" style=\"color: #e02b20;\">Formularul 177 - <\/a><\/span>Pentru sponsorizare retroactiv\u0103 din impozitul pl\u0103tit anul trecut.<\/strong><\/h3>\n<h3><strong><span style=\"color: #e02b20;\"><a href=\"https:\/\/static.anaf.ro\/static\/10\/Anaf\/Declaratii_R\/177.html\" style=\"color: #e02b20;\"><\/a><\/span><\/strong><\/h3>\n<p>&nbsp;<\/p>\n<div class=\"recor-interscroller-1\" id=\"recor-1444855664\">\n<p>&nbsp;<\/p>\n<\/div>\n<p><strong>\u00a0<\/strong><\/p>\n<form id=\"forminator-module-139\" class=\"forminator-custom-form forminator-custom-form-139\" method=\"post\" data-forminator-render=\"0\" data-uid=\"69f543bda86dc\"><div role=\"alert\" aria-live=\"polite\" class=\"forminator-response-message forminator-error\" aria-hidden=\"true\"><\/div><\/form>\n<p>&nbsp;<\/p>\n<\/div><\/div><\/div><\/div><\/div>","protected":false},"excerpt":{"rendered":"","protected":false},"author":1,"featured_media":0,"parent":0,"menu_order":0,"comment_status":"closed","ping_status":"closed","template":"","meta":{"footnotes":""},"class_list":["post-140","page","type-page","status-publish","hentry"],"_links":{"self":[{"href":"https:\/\/www.circumeuropa.com\/en\/wp-json\/wp\/v2\/pages\/140","targetHints":{"allow":["GET"]}}],"collection":[{"href":"https:\/\/www.circumeuropa.com\/en\/wp-json\/wp\/v2\/pages"}],"about":[{"href":"https:\/\/www.circumeuropa.com\/en\/wp-json\/wp\/v2\/types\/page"}],"author":[{"embeddable":true,"href":"https:\/\/www.circumeuropa.com\/en\/wp-json\/wp\/v2\/users\/1"}],"replies":[{"embeddable":true,"href":"https:\/\/www.circumeuropa.com\/en\/wp-json\/wp\/v2\/comments?post=140"}],"version-history":[{"count":3,"href":"https:\/\/www.circumeuropa.com\/en\/wp-json\/wp\/v2\/pages\/140\/revisions"}],"predecessor-version":[{"id":8151,"href":"https:\/\/www.circumeuropa.com\/en\/wp-json\/wp\/v2\/pages\/140\/revisions\/8151"}],"wp:attachment":[{"href":"https:\/\/www.circumeuropa.com\/en\/wp-json\/wp\/v2\/media?parent=140"}],"curies":[{"name":"wp","href":"https:\/\/api.w.org\/{rel}","templated":true}]}}