{"id":369,"date":"2022-02-21T13:23:21","date_gmt":"2022-02-21T13:23:21","guid":{"rendered":"https:\/\/www.circumeuropa.com\/?page_id=369"},"modified":"2022-02-21T13:23:21","modified_gmt":"2022-02-21T13:23:21","slug":"info-gdpr","status":"publish","type":"page","link":"https:\/\/www.circumeuropa.com\/en\/info-gdpr\/","title":{"rendered":"Info GDPR"},"content":{"rendered":"<h2 class=\"page-heading\">Drepturile mele GDPR<\/h2>\n<h4 class=\"page-heading\">Regulamentul General privind Protec\u021bia Datelor (GDPR) este un nou regulament digital privind confiden\u021bialitatea, ce a intrat in vigoare pe 25 mai 2018 in intreaga UE. Acesta standardizeaz\u0103 o gam\u0103 larg\u0103 de diferite legisla\u021bii privind confiden\u021bialitatea \u00een \u00eentreaga UE \u00eentr-un singur set central de reglement\u0103ri care protejeaz\u0103 utilizatorii din toate statele membre.<\/h4>\n<h4>Dreptul de a-ti exporta datele<\/h4>\n<p>Poti exporta datele personale din acest website. Vom genera un fisier excel cu toate informatiile sensibile pe care le avem.<\/p>\n<h4>Dreptul de a fi uitat<\/h4>\n<p>Sterge contul din site, impreuna cu toate datele tale personale. Toate adresele, accesarile si alte informatii vor fi sterse.<\/p>\n<h4>Dreptul de a deveni anonim<\/h4>\n<p>Poti schimba informatiile personale cu date fictive. In felul asta, identitatea ta e protejata.<\/p>\n<h4>Dreptul de a fi informat<\/h4>\n<p>Acest drept se refera la colectarea datelor de catre alte companii, fiecare persoana trebuie sa fie informata inainte ca datele sa fie colectate.<\/p>\n<h4>Dreptul de a avea informatiile corectate<\/h4>\n<p>Iti asigura privilegiul de a-ti actualiza datele in cazul in care acestea sunt incomplete sau incorecte.<\/p>\n<h4>Dreptul de a restrictiona procesarea<\/h4>\n<p>Fiecare persoana poate cere ca datele personale sa nu-i fie procesate.<\/p>\n<h4>Dreptul de a obiecta<\/h4>\n<p>Fiecare persoana poate cere oprirea procesarii datelor personale in scopul campaniilor publicitare.<\/p>\n<h4>Dreptul de a fi notificat<\/h4>\n<p>Daca exista brese in securitatea website-ului ce afecteaza datele personale, fiecare persoana are dreptul de a fi notificat in cel mult 72 de ore\u00a0de la constientizarea bresei.<\/p>\n<h4>Legea cookie<\/h4>\n<p>Cele mai multe website-uri folosesc cookie \u2013 mici fisere ce contin date pentru salvarea unor informatii in navigatorul vizitatorilor. Unele folosesc chiar sute de astfel de cookie-uri.<\/p>\n<p>&nbsp;<\/p>\n<h4><strong>Link-uri utile<\/strong><\/h4>\n<p><a href=\"https:\/\/www.europedirect-tm.ro\/prioritati\/introducere-in-noul-regulament-de-protectie-a-datelor-personale\" target=\"_blank\" rel=\"noopener noreferrer\">Articol EDIC TM: Introducere in noul Regulament de protectie a datelor personale<\/a><\/p>\n<p><a href=\"https:\/\/ec.europa.eu\/info\/law\/law-topic\/data-protection_ro\" target=\"_blank\" rel=\"noopener noreferrer\">Site-ul CE \u2013 Protec\u021bia datelor \u00een UE<\/a><\/p>\n<p><a href=\"https:\/\/ec.europa.eu\/commission\/sites\/beta-political\/files\/data-protection-factsheet-business-7-steps_ro.pdf\" target=\"_blank\" rel=\"noopener noreferrer\">\u0218apte pa\u0219i pentru preg\u0103tirea \u00eentreprinderilor pentru GDPR<\/a><\/p>\n","protected":false},"excerpt":{"rendered":"<p>Drepturile mele GDPR Regulamentul General privind Protec\u021bia Datelor (GDPR) este un nou regulament digital privind confiden\u021bialitatea, ce a intrat in vigoare pe 25 mai 2018 in intreaga UE. Acesta standardizeaz\u0103 o gam\u0103 larg\u0103 de diferite legisla\u021bii privind confiden\u021bialitatea \u00een \u00eentreaga UE \u00eentr-un singur set central de reglement\u0103ri care protejeaz\u0103 utilizatorii din toate statele membre. Dreptul [&hellip;]<\/p>\n","protected":false},"author":1,"featured_media":0,"parent":0,"menu_order":0,"comment_status":"closed","ping_status":"closed","template":"","meta":{"footnotes":""},"class_list":["post-369","page","type-page","status-publish","hentry"],"_links":{"self":[{"href":"https:\/\/www.circumeuropa.com\/en\/wp-json\/wp\/v2\/pages\/369","targetHints":{"allow":["GET"]}}],"collection":[{"href":"https:\/\/www.circumeuropa.com\/en\/wp-json\/wp\/v2\/pages"}],"about":[{"href":"https:\/\/www.circumeuropa.com\/en\/wp-json\/wp\/v2\/types\/page"}],"author":[{"embeddable":true,"href":"https:\/\/www.circumeuropa.com\/en\/wp-json\/wp\/v2\/users\/1"}],"replies":[{"embeddable":true,"href":"https:\/\/www.circumeuropa.com\/en\/wp-json\/wp\/v2\/comments?post=369"}],"version-history":[{"count":0,"href":"https:\/\/www.circumeuropa.com\/en\/wp-json\/wp\/v2\/pages\/369\/revisions"}],"wp:attachment":[{"href":"https:\/\/www.circumeuropa.com\/en\/wp-json\/wp\/v2\/media?parent=369"}],"curies":[{"name":"wp","href":"https:\/\/api.w.org\/{rel}","templated":true}]}}